{"id":672,"date":"2025-02-03T12:58:48","date_gmt":"2025-02-03T11:58:48","guid":{"rendered":"https:\/\/capoeiraleipzig.com\/?page_id=672"},"modified":"2025-02-03T12:58:48","modified_gmt":"2025-02-03T11:58:48","slug":"datenerfassung-speicherung-cookies","status":"publish","type":"page","link":"https:\/\/capoeiraleipzig.com\/pt-br\/datenerfassung-speicherung-cookies\/","title":{"rendered":"DGSVO"},"content":{"rendered":"\n<p class=\"wp-block-paragraph\">Grupo Capoeira Leipzig e.V. Datenschutzerkl\u00e4rung<\/p>\n\n\n\n<p class=\"wp-block-paragraph\">In dieser Datenschutzerkl\u00e4rung wird beschrieben, wie Ihre personenbezogenen Daten erfasst, verwendet und weitergegeben werden, wenn Sie <a href=\"http:\/\/www.capoeiraleipzig.com\" rel=\"nofollow\">http:\/\/www.capoeiraleipzig.com<\/a> (die &#8222;Website&#8220;) nutzen.<\/p>\n\n\n\n<details class=\"wp-block-details is-layout-flow wp-block-details-is-layout-flow\"><summary>Ausf\u00fchrliche Datenschutzerkl\u00e4rung <\/summary>\n<pre class=\"wp-block-preformatted\">Grupo Capoeira Leipzig e.V. Datenschutzerkl\u00e4rung<br><br>In dieser Datenschutzerkl\u00e4rung wird beschrieben, wie Ihre personenbezogenen Daten erfasst, verwendet und weitergegeben werden, wenn Sie www.capoeiraleipzig.com (die \"Website\") nutzen oder dort etwas Kommentieren.<br><br>VON UNS ERFASSTE PERSONENBEZOGENE DATEN<br>Wenn Sie die Website besuchen, erfassen wir automatisch bestimmte Informationen \u00fcber Ihr Ger\u00e4t, darunter Informationen zum Webbrowser, der IP-Adresse, der Zeitzone und einigen der Cookies, die auf Ihrem Ger\u00e4t installiert sind. Wenn Sie auf der Website navigieren, erfassen wir au\u00dferdem Informationen zu den einzelnen Webseiten, die Sie aufrufen, zu den Websites oder Suchbegriffen, die Sie auf die Website gef\u00fchrt haben, sowie Informationen dar\u00fcber, wie Sie mit der Website interagieren. Wir bezeichnen diese automatisch erfassten Informationen als \"Ger\u00e4teinformationen\".<br><br>Wir erfassen Ger\u00e4teinformationen mithilfe der folgenden Technologien:<br><br>    - \"Cookies\" sind Datendateien, die auf einem Ger\u00e4t oder Computer gespeichert werden und h\u00e4ufig eine anonyme eindeutige Kennung enthalten. Weitere Informationen zu Cookies und zum Deaktivieren von Cookies sind unter http:\/\/www.allaboutcookies.org zu finden.<br>    - \"Protokolldateien\" protokollieren Aktionen auf der Website und erfassen Daten wie IP-Adresse, Browsertyp, Internetdienstanbieter, verweisende\/Ausstiegsseiten sowie Datums-\/Uhrzeitstempel.<br>    - \"Web Beacons\", \"Tags\" und \"Pixel\" sind elektronische Dateien zur Erfassung von Informationen dazu, wie Sie auf der Website navigieren.<br>Mit \"personenbezogene Daten\" in dieser Datenschutzerkl\u00e4rung bezeichnen wir sowohl Ger\u00e4teinformationen als auch Bestellinformationen.<br><br>WIE VERWENDEN WIR IHRE PERSONENBEZOGENEN DATEN?<br><br>Wir verwenden die von uns erfassten Anfrageinformationen in der Regel zur Ausf\u00fchrung von Planung und Antwort , die wir \u00fcber die Website erhalten (unter anderem zur Verarbeitung Ihrer Kontaktdaten wie Name, Telefonnummer oder  E-Mail Adresse).<br><br>  Au\u00dferdem verwenden wir diese Personen Bezogenen Information zur:<br><br>Kommunikation mit Ihnen;<br>Pr\u00fcfung unserer Anfragen auf potenzielle Risiken oder Betrug<br><br>Wir verwenden die von uns erfassten Ger\u00e4teinformationen f\u00fcr die Pr\u00fcfung auf potenzielle Risiken und Betrug (insbesondere Ihre IP-Adresse) und allgemein zur Verbesserung und Optimierung unserer Website (z.B. mithilfe von Analysen zum Navigationsverhalten unserer Besucher und ihrer Interaktion mit der Website sowie zum Beurteilen des Erfolgs unserer Marketing- und Werbekampagnen).<br><br>WEITERGABE IHRER PERSONENBEZOGEN DATEN<br><br>Wir geben Ihre personenbezogenen Daten an Dritte weiter, die uns bei der Verwendung Ihrer personenbezogenen Daten wie oben beschrieben unterst\u00fctzen.  Zum Beispiel verwenden wir WordPress\/ Jetpack, um unseren Website zu betreiben. Weitere Informationen dazu, wie WordPress\/ Jetpack  Ihre personenbezogenen Daten verwendet, finden Sie hier: https:\/\/jetpack.com\/de\/support\/datenschutz\/.  Au\u00dferdem verwenden wir Google Analytics, um zu verstehen, wie unsere Kunden die Website nutzen. Weitere Informationen zur Verwendung Ihrer personenbezogenen Daten durch Google finden Sie hier: https:\/\/policies.google.com\/privacy?hl=de.  Hier k\u00f6nnen Sie Google Analytics deaktivieren:  https:\/\/tools.google.com\/dlpage\/gaoptout.<br><br>Schlie\u00dflich k\u00f6nnen wir Ihre personenbezogenen Daten auch weitergeben, um geltende Gesetze und Vorschriften einzuhalten, um auf eine Vorladung, einen Durchsuchungsbefehl oder eine andere rechtm\u00e4\u00dfige Anfrage nach Informationen, die wir erhalten, zu reagieren oder um unsere Rechte anderweitig zu sch\u00fctzen.<br><br>Sie k\u00f6nnen zielgerichtete Anzeigen hier deaktivieren:<br>[[<br> OPT-OUT-LINKS VON DEN VERWENDETEN DIENSTEN EINF\u00dcGEN.]]<br>  ZU DEN G\u00c4NGIGEN LINKS GEH\u00d6REN:<br>    Instagram \u2013 https:\/\/www.instagram.com\/settings\/?tab=ads<br>    GOOGLE \u2013 https:\/\/www.google.com\/settings\/ads\/anonymous<br>Dar\u00fcber hinaus k\u00f6nnen Sie einige dieser Dienste \u00fcber das Opt-out-Portal der Digital Advertising Alliance deaktivieren: http:\/\/optout.aboutads.info\/.<br><br>DO NOT TRACK<br>Wir weisen Sie darauf hin, dass wir die Datenerfassungs- und -nutzungsverfahren unserer Website nicht \u00e4ndern, wenn wir von Ihrem Browser ein \"Do Not Track\"-Signal erhalten.<br><br>IHRE RECHTE<br>Wenn Sie in Europa ans\u00e4ssig sind, haben Sie das Recht, auf die personenbezogenen Daten, die wir \u00fcber Sie besitzen, zuzugreifen und deren Korrektur, Aktualisierung oder L\u00f6schung zu fordern. Wenn Sie dieses Recht aus\u00fcben m\u00f6chten, setzen Sie sich \u00fcber die nachstehenden Kontaktdaten mit uns in Verbindung.<br>Wenn Sie in Europa ans\u00e4ssig sind, weisen wir au\u00dferdem darauf hin, dass wir Ihre Daten verarbeiten, um Vertr\u00e4ge mit Ihnen zu erf\u00fcllen (z. B. wenn Sie \u00fcber die Website eine Bestellung aufgeben) oder um unsere oben genannten berechtigten Gesch\u00e4ftsinteressen zu verfolgen.  Bitte beachten Sie au\u00dferdem, dass Ihre Daten au\u00dferhalb von Europa, einschlie\u00dflich Kanada und den Vereinigten Staaten, \u00fcbertragen werden.<br><br><br>AUFBEWAHRUNG VON DATEN<br>Wenn Sie eine Anfragen \u00fcber die Website t\u00e4tigen, bewahren wir Ihre Personenbezogenen informationen f\u00fcr unsere Aufzeichnungen auf, sofern Sie uns nicht auffordern, diese Daten zu l\u00f6schen.<br><br>\u00c4NDERUNGEN<br>Wir k\u00f6nnen diese Datenschutzerkl\u00e4rung gelegentlich \u00e4ndern, um \u00c4nderungen unserer Vorgehensweisen zu ber\u00fccksichtigen, oder aus anderen betrieblichen, rechtlichen oder aufsichtsrechtlichen Gr\u00fcnden.<br>KONTAKT<br>Wenn Sie weitere Informationen zu unseren Datenschutzverfahren ben\u00f6tigen, Fragen haben oder eine Beschwerde einreichen m\u00f6chten, kontaktieren Sie uns per E-Mail an vorstand@capoeiraleipzig.de oder per Post an die unten genannte Adresse:<br><br>  Beckerstra\u00dfe 27, Leipzig, Sachsen, 04179, Deutschland<br><\/pre>\n<\/details>\n","protected":false},"excerpt":{"rendered":"<p>Grupo Capoeira Leipzig e.V. Datenschutzerkl\u00e4rung In dieser Datenschutzerkl\u00e4rung wird beschrieben, wie Ihre personenbezogenen Daten erfasst, verwendet und weitergegeben werden, wenn Sie <a href=\"https:\/\/capoeiraleipzig.com\/pt-br\/\" rel=\"nofollow\">http:\/\/www.capoeiraleipzig.com<\/a> (die &#8222;Website&#8220;) nutzen.<\/p>","protected":false},"author":246083398,"featured_media":0,"parent":0,"menu_order":0,"comment_status":"closed","ping_status":"closed","template":"","meta":{"_crdt_document":"","advanced_seo_description":"","jetpack_seo_html_title":"","jetpack_seo_noindex":false,"_price":"","_stock":"","_tribe_ticket_header":"","_tribe_default_ticket_provider":"","_tribe_ticket_capacity":"0","_ticket_start_date":"","_ticket_end_date":"","_tribe_ticket_show_description":"","_tribe_ticket_show_not_going":false,"_tribe_ticket_use_global_stock":"","_tribe_ticket_global_stock_level":"","_global_stock_mode":"","_global_stock_cap":"","_tribe_rsvp_for_event":"","_tribe_ticket_going_count":"","_tribe_ticket_not_going_count":"","_tribe_tickets_list":"[]","_tribe_ticket_has_attendee_info_fields":false,"_EventAllDay":false,"_EventTimezone":"","_EventStartDate":"","_EventEndDate":"","_EventStartDateUTC":"","_EventEndDateUTC":"","_EventShowMap":false,"_EventShowMapLink":false,"_EventURL":"","_EventCost":"","_EventCostDescription":"","_EventCurrencySymbol":"","_EventCurrencyCode":"","_EventCurrencyPosition":"","_EventDateTimeSeparator":"","_EventTimeRangeSeparator":"","_EventOrganizerID":[],"_EventVenueID":[],"_OrganizerEmail":"","_OrganizerPhone":"","_OrganizerWebsite":"","_VenueAddress":"","_VenueCity":"","_VenueCountry":"","_VenueProvince":"","_VenueState":"","_VenueZip":"","_VenuePhone":"","_VenueURL":"","_VenueStateProvince":"","_VenueLat":"","_VenueLng":"","_VenueShowMap":false,"_VenueShowMapLink":false,"dsgo_overlay_header":false,"dsgo_overlay_header_text_color":"","dsgo_overlay_skip_top_bar":false,"_designsetgo_exclude_llms":false,"footnotes":"","_tec_slr_enabled":"","_tec_slr_layout":""},"class_list":["post-672","page","type-page","status-publish","hentry"],"jetpack_likes_enabled":true,"jetpack_sharing_enabled":true,"jetpack_shortlink":"https:\/\/wp.me\/PfvO1T-aQ","jetpack-related-posts":[],"ticketed":false,"_links":{"self":[{"href":"https:\/\/capoeiraleipzig.com\/pt-br\/wp-json\/wp\/v2\/pages\/672","targetHints":{"allow":["GET"]}}],"collection":[{"href":"https:\/\/capoeiraleipzig.com\/pt-br\/wp-json\/wp\/v2\/pages"}],"about":[{"href":"https:\/\/capoeiraleipzig.com\/pt-br\/wp-json\/wp\/v2\/types\/page"}],"author":[{"embeddable":true,"href":"https:\/\/capoeiraleipzig.com\/pt-br\/wp-json\/wp\/v2\/users\/246083398"}],"replies":[{"embeddable":true,"href":"https:\/\/capoeiraleipzig.com\/pt-br\/wp-json\/wp\/v2\/comments?post=672"}],"version-history":[{"count":3,"href":"https:\/\/capoeiraleipzig.com\/pt-br\/wp-json\/wp\/v2\/pages\/672\/revisions"}],"predecessor-version":[{"id":1186,"href":"https:\/\/capoeiraleipzig.com\/pt-br\/wp-json\/wp\/v2\/pages\/672\/revisions\/1186"}],"wp:attachment":[{"href":"https:\/\/capoeiraleipzig.com\/pt-br\/wp-json\/wp\/v2\/media?parent=672"}],"curies":[{"name":"wp","href":"https:\/\/api.w.org\/{rel}","templated":true}]}}