{"id":64,"date":"2024-02-12T17:48:11","date_gmt":"2024-02-12T16:48:11","guid":{"rendered":"https:\/\/capoeiraleipzig.com\/?page_id=64"},"modified":"2026-03-09T14:55:14","modified_gmt":"2026-03-09T13:55:14","slug":"geschichte-der-capoeira","status":"publish","type":"page","link":"https:\/\/capoeiraleipzig.com\/pt-br\/geschichte-der-capoeira\/","title":{"rendered":"Hist\u00f3ria da Capoeira"},"content":{"rendered":"<p class=\"wp-block-paragraph\">Der genaue Entstehungsort der Capoeira und die &#8222;Erfinder&#8220; sind nicht bekannt. Vermutlich befindet er sich aber irgendwo in Bahia, einem Bundesstaat an der Nordostk\u00fcste Brasiliens. Bahia liegt zwischen Recife und Salvador, in dieser Gegend gab es viele Zuckerrohrplantagen.<\/p>\n\n\n\n<p class=\"wp-block-paragraph\">Die Portugiesen bedienten sich der Arbeitskraft afrikanischer Sklaven, die vor allem aus Angola in Westafrika stammten. Diese Sklaven sprachen nicht die gleiche Sprache, da sie aus viele verschiedenen St\u00e4mmen kamen und unterschiedliche Religionen, Kulturen und K\u00fcnste aus\u00fcbten. Diese Br\u00e4uche brachten sie mit nach Brasilien. Aus dieser bunten Mischung entstand unter portugiesischem Einfluss eine neue Kultur, die Capoeira.<\/p>\n\n\n\n<h2 id=\"cc-m-header-12024924049\" class=\"wp-block-heading\">Mestres<\/h2>\n\n\n\n<figure class=\"wp-block-image\"><img data-recalc-dims=\"1\" decoding=\"async\" src=\"https:\/\/i0.wp.com\/image.jimcdn.com\/app\/cms\/image\/transf\/none\/path\/s2ce3e8a4b2abe89f\/image\/ice2b629b3a59c1bb\/version\/1509136502\/image.jpg?ssl=1\" alt=\"\" \/><\/figure>\n\n\n\n<p class=\"wp-block-paragraph\"><strong>Mestre Bimba<\/strong><\/p>\n\n\n\n<p class=\"wp-block-paragraph\">Heutzutage ist Capoeira eine weltweit anerkannte Kampfsportart, die immer \u00f6fter auch in Film und Fernsehen auftaucht. Leider wird Capoeira oft als harmloser Tanz dargestellt und der Gedanke des Kampfes geht immer mehr verloren. Capoeira \u00fcberlebte 400 Jahre Verbot und es wird auch in Zukunft alle H\u00f6hen und Tiefen und alle \u201eHypes&#8220; \u00fcberstehen.<br><br>1934 gr\u00fcndete Mestre Bimba (Manuel dos Reis Machado) die erste Capoeira-Akademie und erhielt gro\u00dfen Zulauf aus der Mittelklasse und Studentenszene. Bimba forderte 1936 K\u00e4mpfer aller Kampfstile auf sich mit ihm und seiner Capoeira Regional zu messen. Der l\u00e4ngste Kampf dauerte 1 Minute und 10 Sekunden \u2013 Bimba hatte sie alle besiegt.<br><br>Der populistische Pr\u00e4sident Get\u00falio Vargas lud Bimba am 23. Juli 1953 zu einer Pr\u00e4sentation seiner Capoeira Regional ein. Vargas war beeindruckt und kommentierte mit den Worten \u201eCapoeira ist der einzig wahre Nationalsport&#8220;.<br><br>Bimba starb am 5. Februar 1974, einem Sonntag, ein Jahr nachdem er von Bahia nach Goiania gezogen war. Bis zum Samstag davor leitete er noch eine Pr\u00e4sentation im Clube dos Funcion\u00e1rinos Publicos und gab, obwohl schwer krank, noch Unterricht.<\/p>\n\n\n\n<figure class=\"wp-block-image\"><img data-recalc-dims=\"1\" decoding=\"async\" src=\"https:\/\/i0.wp.com\/image.jimcdn.com\/app\/cms\/image\/transf\/none\/path\/s2ce3e8a4b2abe89f\/image\/ib8cd3d813bc4f868\/version\/1509136535\/image.jpg?ssl=1\" alt=\"\" \/><\/figure>\n\n\n\n<p class=\"wp-block-paragraph\"><strong>Mestre Pastinha<\/strong><\/p>\n\n\n\n<p class=\"wp-block-paragraph\"><strong>Vicente Ferreira Pastinha<\/strong>&nbsp;wurde am 5. April 1889, in Salvador da Bahia geboren, genannt Mestre Pastinha. Er begann mit 8 Jahren Capoeira zu lernen bei den ehemaligen Sklaven angolanischer Herkunft. Er zeichnete sich durch au\u00dferordentliche Intelligenz und Schnelligkeit aus.<br><br>Mestre Pastiha er\u00f6ffnete 1910 trotz des Verbotes die erste Capoeira-Akademie. 1914 er\u00f6ffnete er die erste legale Capoeira-Akademie. Wie Bimba erkannte er den Verfall der Capoeira, doch im Gegensatz zu Bimba wollte er die Capoeira nicht reformieren, sondern besann sich auf die alten Werte. Er nannte seine Art von Capoeira, Capoeira Angola, nach dem afrikanischen Staat. Er lehrte, dass Musik und Gesang dem Spiel gleichwertig sind. Ihm ist es zu verdanken, dass alte Capoeira Traditionen nicht in Vergessenheit geraten sind.<br><br>Doch wie bei so vielen Genies wurde er erst nach seinem Tod geehrt. Kurz vor seinem Tod nahm die Stadt Salvador dem fast blinden Mestre Pastinha alles, was er besa\u00df, seine Akademie, unter dem Vorwand sie w\u00fcrde renoviert.<br><br>Pastinha verlebte seine letzten Jahre in bitterer Armut in einem winzigen Zimmer. Von seiner Akademie blieb ihm nur die Holzbank, auf der die Berimbau Spieler sa\u00dfen. Er starb 1981 im Alter von 92 Jahren.<\/p>\n\n\n\n<div class=\"wp-block-group has-global-padding is-layout-constrained wp-block-group-is-layout-constrained\">\n<figure class=\"wp-block-image size-large\"><img data-recalc-dims=\"1\" fetchpriority=\"high\" decoding=\"async\" width=\"750\" height=\"498\" data-attachment-id=\"1233\" data-permalink=\"https:\/\/capoeiraleipzig.com\/pt-br\/geschichte-der-capoeira\/histoire-capoeira\/\" data-orig-file=\"https:\/\/i0.wp.com\/capoeiraleipzig.com\/wp-content\/uploads\/2026\/03\/histoire-capoeira.jpg?fit=750%2C498&amp;ssl=1\" data-orig-size=\"750,498\" data-comments-opened=\"1\" data-image-meta=\"{&quot;aperture&quot;:&quot;0&quot;,&quot;credit&quot;:&quot;&quot;,&quot;camera&quot;:&quot;&quot;,&quot;caption&quot;:&quot;&quot;,&quot;created_timestamp&quot;:&quot;0&quot;,&quot;copyright&quot;:&quot;&quot;,&quot;focal_length&quot;:&quot;0&quot;,&quot;iso&quot;:&quot;0&quot;,&quot;shutter_speed&quot;:&quot;0&quot;,&quot;title&quot;:&quot;&quot;,&quot;orientation&quot;:&quot;1&quot;}\" data-image-title=\"histoire-capoeira\" data-image-description=\"\" data-image-caption=\"\" data-large-file=\"https:\/\/i0.wp.com\/capoeiraleipzig.com\/wp-content\/uploads\/2026\/03\/histoire-capoeira.jpg?fit=750%2C498&amp;ssl=1\" src=\"https:\/\/i0.wp.com\/capoeiraleipzig.com\/wp-content\/uploads\/2026\/03\/histoire-capoeira.jpg?resize=750%2C498&#038;ssl=1\" alt=\"\" class=\"wp-image-1233\" \/><\/figure>\n\n\n\n<figure class=\"wp-block-image size-large is-resized\"><img data-recalc-dims=\"1\" decoding=\"async\" width=\"320\" height=\"234\" data-attachment-id=\"1234\" data-permalink=\"https:\/\/capoeiraleipzig.com\/pt-br\/geschichte-der-capoeira\/capoeira_clip_image001\/\" data-orig-file=\"https:\/\/i0.wp.com\/capoeiraleipzig.com\/wp-content\/uploads\/2026\/03\/capoeira_clip_image001.jpg?fit=320%2C234&amp;ssl=1\" data-orig-size=\"320,234\" data-comments-opened=\"1\" data-image-meta=\"{&quot;aperture&quot;:&quot;0&quot;,&quot;credit&quot;:&quot;&quot;,&quot;camera&quot;:&quot;&quot;,&quot;caption&quot;:&quot;&quot;,&quot;created_timestamp&quot;:&quot;0&quot;,&quot;copyright&quot;:&quot;&quot;,&quot;focal_length&quot;:&quot;0&quot;,&quot;iso&quot;:&quot;0&quot;,&quot;shutter_speed&quot;:&quot;0&quot;,&quot;title&quot;:&quot;&quot;,&quot;orientation&quot;:&quot;0&quot;}\" data-image-title=\"capoeira_clip_image001\" data-image-description=\"\" data-image-caption=\"\" data-large-file=\"https:\/\/i0.wp.com\/capoeiraleipzig.com\/wp-content\/uploads\/2026\/03\/capoeira_clip_image001.jpg?fit=320%2C234&amp;ssl=1\" src=\"https:\/\/i0.wp.com\/capoeiraleipzig.com\/wp-content\/uploads\/2026\/03\/capoeira_clip_image001.jpg?resize=320%2C234&#038;ssl=1\" alt=\"\" class=\"wp-image-1234\" style=\"width:621px;height:auto\" \/><\/figure>\n<\/div>","protected":false},"excerpt":{"rendered":"<p>Der genaue Entstehungsort der Capoeira und die &#8222;Erfinder&#8220; sind nicht bekannt. Vermutlich befindet er sich aber irgendwo in Bahia, einem Bundesstaat an der Nordostk\u00fcste Brasiliens. Bahia liegt zwischen Recife und [&hellip;]<\/p>\n","protected":false},"author":246083398,"featured_media":0,"parent":0,"menu_order":0,"comment_status":"closed","ping_status":"closed","template":"","meta":{"_crdt_document":"","advanced_seo_description":"","jetpack_seo_html_title":"","jetpack_seo_noindex":false,"_price":"","_stock":"","_tribe_ticket_header":"","_tribe_default_ticket_provider":"","_tribe_ticket_capacity":"0","_ticket_start_date":"","_ticket_end_date":"","_tribe_ticket_show_description":"","_tribe_ticket_show_not_going":false,"_tribe_ticket_use_global_stock":"","_tribe_ticket_global_stock_level":"","_global_stock_mode":"","_global_stock_cap":"","_tribe_rsvp_for_event":"","_tribe_ticket_going_count":"","_tribe_ticket_not_going_count":"","_tribe_tickets_list":"[]","_tribe_ticket_has_attendee_info_fields":false,"_EventAllDay":false,"_EventTimezone":"","_EventStartDate":"","_EventEndDate":"","_EventStartDateUTC":"","_EventEndDateUTC":"","_EventShowMap":false,"_EventShowMapLink":false,"_EventURL":"","_EventCost":"","_EventCostDescription":"","_EventCurrencySymbol":"","_EventCurrencyCode":"","_EventCurrencyPosition":"","_EventDateTimeSeparator":"","_EventTimeRangeSeparator":"","_EventOrganizerID":[],"_EventVenueID":[],"_OrganizerEmail":"","_OrganizerPhone":"","_OrganizerWebsite":"","_VenueAddress":"","_VenueCity":"","_VenueCountry":"","_VenueProvince":"","_VenueState":"","_VenueZip":"","_VenuePhone":"","_VenueURL":"","_VenueStateProvince":"","_VenueLat":"","_VenueLng":"","_VenueShowMap":false,"_VenueShowMapLink":false,"dsgo_overlay_header":false,"dsgo_overlay_header_text_color":"","dsgo_overlay_skip_top_bar":false,"_designsetgo_exclude_llms":false,"footnotes":"","_tec_slr_enabled":"","_tec_slr_layout":""},"class_list":["post-64","page","type-page","status-publish","hentry"],"jetpack_likes_enabled":true,"jetpack_sharing_enabled":true,"jetpack_shortlink":"https:\/\/wp.me\/PfvO1T-12","jetpack-related-posts":[],"ticketed":false,"_links":{"self":[{"href":"https:\/\/capoeiraleipzig.com\/pt-br\/wp-json\/wp\/v2\/pages\/64","targetHints":{"allow":["GET"]}}],"collection":[{"href":"https:\/\/capoeiraleipzig.com\/pt-br\/wp-json\/wp\/v2\/pages"}],"about":[{"href":"https:\/\/capoeiraleipzig.com\/pt-br\/wp-json\/wp\/v2\/types\/page"}],"author":[{"embeddable":true,"href":"https:\/\/capoeiraleipzig.com\/pt-br\/wp-json\/wp\/v2\/users\/246083398"}],"replies":[{"embeddable":true,"href":"https:\/\/capoeiraleipzig.com\/pt-br\/wp-json\/wp\/v2\/comments?post=64"}],"version-history":[{"count":5,"href":"https:\/\/capoeiraleipzig.com\/pt-br\/wp-json\/wp\/v2\/pages\/64\/revisions"}],"predecessor-version":[{"id":1235,"href":"https:\/\/capoeiraleipzig.com\/pt-br\/wp-json\/wp\/v2\/pages\/64\/revisions\/1235"}],"wp:attachment":[{"href":"https:\/\/capoeiraleipzig.com\/pt-br\/wp-json\/wp\/v2\/media?parent=64"}],"curies":[{"name":"wp","href":"https:\/\/api.w.org\/{rel}","templated":true}]}}