{"id":455,"date":"2024-12-10T16:17:00","date_gmt":"2024-12-10T15:17:00","guid":{"rendered":"https:\/\/capoeiraleipzig.com\/?page_id=455"},"modified":"2024-12-29T14:33:11","modified_gmt":"2024-12-29T13:33:11","slug":"aufnahmeantrag","status":"publish","type":"page","link":"https:\/\/capoeiraleipzig.com\/pt-br\/aufnahmeantrag\/","title":{"rendered":"Solicita\u00e7\u00e3o de associa\u00e7\u00e3o"},"content":{"rendered":"<div class=\"wp-block-group alignfull has-global-padding is-layout-constrained wp-block-group-is-layout-constrained\">\n<div style=\"height:100px\" aria-hidden=\"true\" class=\"wp-block-spacer\"><\/div>\n\n\n\n<p class=\"has-text-align-center wp-block-paragraph\">Hier findest du unseren Mitgliederaufnahmeantrag, in dem unsere Monatsbeitr\u00e4ge aufgelistet sind. Das Dokument kann auf dieser Seite gelesen, gedruckt oder auch gedownloadet werden. Unsere Vereinssatzung ist unter dem Aufnahmeantrag zu finden.<\/p>\n\n\n\n<div style=\"height:100px\" aria-hidden=\"true\" class=\"wp-block-spacer\"><\/div>\n\n\n\n<details class=\"wp-block-details is-layout-flow wp-block-details-is-layout-flow\"><summary>Solicita\u00e7\u00e3o de associa\u00e7\u00e3o<\/summary>\n<div data-wp-interactive=\"core\/file\" class=\"wp-block-file aligncenter\"><object data-wp-bind--hidden=\"!state.hasPdfPreview\" hidden class=\"wp-block-file__embed\" data=\"https:\/\/capoeiraleipzig.com\/wp-content\/uploads\/2024\/12\/aufnahmeantrag-stand-oktober-24.pdf\" type=\"application\/pdf\" style=\"width:100%;height:600px\" aria-label=\"Incorporado de Aufnahmeantrag stand oktober 24.\"><\/object><a id=\"wp-block-file--media-6e59db07-0358-4bd0-9e53-37dd21e00fb1\" href=\"https:\/\/capoeiraleipzig.com\/wp-content\/uploads\/2024\/12\/aufnahmeantrag-stand-oktober-24.pdf\">Aufnahmeantrag stand oktober 24<\/a><a href=\"https:\/\/capoeiraleipzig.com\/wp-content\/uploads\/2024\/12\/aufnahmeantrag-stand-oktober-24.pdf\" class=\"wp-block-file__button wp-element-button\" download aria-describedby=\"wp-block-file--media-6e59db07-0358-4bd0-9e53-37dd21e00fb1\">Herunterladen<\/a><\/div>\n<\/details>\n<\/div>\n\n\n\n<div class=\"wp-block-group alignwide has-global-padding is-layout-constrained wp-block-group-is-layout-constrained\">\n<details class=\"wp-block-details is-layout-flow wp-block-details-is-layout-flow\"><summary>Vereinsatzung<\/summary>\n<p class=\"wp-block-paragraph\"><\/p>\n\n\n\n<div data-wp-interactive=\"core\/file\" class=\"wp-block-file\"><object data-wp-bind--hidden=\"!state.hasPdfPreview\" hidden class=\"wp-block-file__embed\" data=\"https:\/\/capoeiraleipzig.com\/wp-content\/uploads\/2024\/12\/2017-10-16-satzung-gcl.pdf\" type=\"application\/pdf\" style=\"width:100%;height:600px\" aria-label=\"Incorporado de 2017-10-16 - Satzung GCL.\"><\/object><a id=\"wp-block-file--media-c217ab9a-92b1-4140-bc95-9d550c30d3a4\" href=\"https:\/\/capoeiraleipzig.com\/wp-content\/uploads\/2024\/12\/2017-10-16-satzung-gcl.pdf\">2017-10-16 &#8211; Satzung GCL<\/a><a href=\"https:\/\/capoeiraleipzig.com\/wp-content\/uploads\/2024\/12\/2017-10-16-satzung-gcl.pdf\" class=\"wp-block-file__button wp-element-button\" download aria-describedby=\"wp-block-file--media-c217ab9a-92b1-4140-bc95-9d550c30d3a4\">Herunterladen<\/a><\/div>\n<\/details>\n<\/div>\n\n\n\n<p class=\"wp-block-paragraph\"><\/p>","protected":false},"excerpt":{"rendered":"<p>Hier findest du unseren Mitgliederaufnahmeantrag, in dem unsere Monatsbeitr\u00e4ge aufgelistet sind. Das Dokument kann auf dieser Seite gelesen, gedruckt oder auch gedownloadet werden. Unsere Vereinssatzung ist unter dem Aufnahmeantrag zu [&hellip;]<\/p>\n","protected":false},"author":246083398,"featured_media":0,"parent":0,"menu_order":0,"comment_status":"closed","ping_status":"closed","template":"","meta":{"_crdt_document":"","advanced_seo_description":"","jetpack_seo_html_title":"","jetpack_seo_noindex":false,"_price":"","_stock":"","_tribe_ticket_header":"","_tribe_default_ticket_provider":"","_tribe_ticket_capacity":"0","_ticket_start_date":"","_ticket_end_date":"","_tribe_ticket_show_description":"","_tribe_ticket_show_not_going":false,"_tribe_ticket_use_global_stock":"","_tribe_ticket_global_stock_level":"","_global_stock_mode":"","_global_stock_cap":"","_tribe_rsvp_for_event":"","_tribe_ticket_going_count":"","_tribe_ticket_not_going_count":"","_tribe_tickets_list":"[]","_tribe_ticket_has_attendee_info_fields":false,"_EventAllDay":false,"_EventTimezone":"","_EventStartDate":"","_EventEndDate":"","_EventStartDateUTC":"","_EventEndDateUTC":"","_EventShowMap":false,"_EventShowMapLink":false,"_EventURL":"","_EventCost":"","_EventCostDescription":"","_EventCurrencySymbol":"","_EventCurrencyCode":"","_EventCurrencyPosition":"","_EventDateTimeSeparator":"","_EventTimeRangeSeparator":"","_EventOrganizerID":[],"_EventVenueID":[],"_OrganizerEmail":"","_OrganizerPhone":"","_OrganizerWebsite":"","_VenueAddress":"","_VenueCity":"","_VenueCountry":"","_VenueProvince":"","_VenueState":"","_VenueZip":"","_VenuePhone":"","_VenueURL":"","_VenueStateProvince":"","_VenueLat":"","_VenueLng":"","_VenueShowMap":false,"_VenueShowMapLink":false,"dsgo_overlay_header":false,"dsgo_overlay_header_text_color":"","dsgo_overlay_skip_top_bar":false,"_designsetgo_exclude_llms":false,"footnotes":"","_tec_slr_enabled":"","_tec_slr_layout":""},"class_list":["post-455","page","type-page","status-publish","hentry"],"jetpack_likes_enabled":true,"jetpack_sharing_enabled":true,"jetpack_shortlink":"https:\/\/wp.me\/PfvO1T-7l","jetpack-related-posts":[],"ticketed":false,"_links":{"self":[{"href":"https:\/\/capoeiraleipzig.com\/pt-br\/wp-json\/wp\/v2\/pages\/455","targetHints":{"allow":["GET"]}}],"collection":[{"href":"https:\/\/capoeiraleipzig.com\/pt-br\/wp-json\/wp\/v2\/pages"}],"about":[{"href":"https:\/\/capoeiraleipzig.com\/pt-br\/wp-json\/wp\/v2\/types\/page"}],"author":[{"embeddable":true,"href":"https:\/\/capoeiraleipzig.com\/pt-br\/wp-json\/wp\/v2\/users\/246083398"}],"replies":[{"embeddable":true,"href":"https:\/\/capoeiraleipzig.com\/pt-br\/wp-json\/wp\/v2\/comments?post=455"}],"version-history":[{"count":10,"href":"https:\/\/capoeiraleipzig.com\/pt-br\/wp-json\/wp\/v2\/pages\/455\/revisions"}],"predecessor-version":[{"id":521,"href":"https:\/\/capoeiraleipzig.com\/pt-br\/wp-json\/wp\/v2\/pages\/455\/revisions\/521"}],"wp:attachment":[{"href":"https:\/\/capoeiraleipzig.com\/pt-br\/wp-json\/wp\/v2\/media?parent=455"}],"curies":[{"name":"wp","href":"https:\/\/api.w.org\/{rel}","templated":true}]}}