{"id":186,"date":"2024-03-07T12:33:07","date_gmt":"2024-03-07T11:33:07","guid":{"rendered":"https:\/\/capoeiraleipzig.com\/maculele\/"},"modified":"2024-12-29T14:24:15","modified_gmt":"2024-12-29T13:24:15","slug":"maculele","status":"publish","type":"page","link":"https:\/\/capoeiraleipzig.com\/pt-br\/maculele\/","title":{"rendered":"Maculel\u00ea"},"content":{"rendered":"<figure class=\"wp-block-image size-large is-resized\"><img data-recalc-dims=\"1\" fetchpriority=\"high\" decoding=\"async\" width=\"520\" height=\"509\" data-attachment-id=\"185\" data-permalink=\"https:\/\/capoeiraleipzig.com\/pt-br\/maculele\/image_editor_output_image1134571598-17098111694881861097413112549238\/\" data-orig-file=\"https:\/\/i0.wp.com\/capoeiraleipzig.com\/wp-content\/uploads\/2024\/03\/image_editor_output_image1134571598-17098111694881861097413112549238.jpg?fit=520%2C509&amp;ssl=1\" data-orig-size=\"520,509\" data-comments-opened=\"1\" data-image-meta=\"{&quot;aperture&quot;:&quot;0&quot;,&quot;credit&quot;:&quot;&quot;,&quot;camera&quot;:&quot;&quot;,&quot;caption&quot;:&quot;&quot;,&quot;created_timestamp&quot;:&quot;0&quot;,&quot;copyright&quot;:&quot;&quot;,&quot;focal_length&quot;:&quot;0&quot;,&quot;iso&quot;:&quot;0&quot;,&quot;shutter_speed&quot;:&quot;0&quot;,&quot;title&quot;:&quot;&quot;,&quot;orientation&quot;:&quot;0&quot;}\" data-image-title=\"image_editor_output_image1134571598-17098111694881861097413112549238\" data-image-description=\"\" data-image-caption=\"\" data-large-file=\"https:\/\/i0.wp.com\/capoeiraleipzig.com\/wp-content\/uploads\/2024\/03\/image_editor_output_image1134571598-17098111694881861097413112549238.jpg?fit=520%2C509&amp;ssl=1\" src=\"https:\/\/i0.wp.com\/capoeiraleipzig.com\/wp-content\/uploads\/2024\/03\/image_editor_output_image1134571598-17098111694881861097413112549238.jpg?resize=520%2C509&#038;ssl=1\" alt=\"\" class=\"wp-image-185\" style=\"width:440px;height:auto\" \/><\/figure>\n\n\n\n<p class=\"wp-block-paragraph\"><\/p>\n\n\n\n<p class=\"wp-block-paragraph\"><strong>Maculel\u00ea<\/strong>&nbsp;ist eine Mischung aus Tanz und Stockkampf. Die St\u00f6cke symbolisieren die Messer, mit denen die schwarzen Sklaven auf den Plantagen das Zuckerrohr<br>geerntet haben. Manchmal werden anstatt der St\u00f6cke auch Macheten verwendet.<br>\u00dcber die Entstehung gibt es verschiedene Annahmen.<br>Einige sagen, dass die Maculel\u00ea in Santo Amaro, Bahia aus traditionellen T\u00e4nzen entstand, um den Kampf der Sklaven gegen die Aufseher zu zeigen.<br>Eine andere Geschichte besagt, dass der Tanz den Kampf des entflohenen Sklaven Maculel\u00ea darstellt.<br>Dieser war auf seiner Flucht von einem indigenen Stamm im Regenwald aufgenommen worden. Allerdings durfte er als Fremder nicht an allen Aktivit\u00e4ten des Stammes teilnehmen. So blieb Maculel\u00ea als alle Mitglieder des Stammes auf der Jagd waren, alleine im Dorf zur\u00fcck. Als dieses von einem feindlichen indigenen Stamm angegriffen wurde, hat Maculel\u00ea, nur mit zwei St\u00f6cken bewaffnet, erfolgreich das Dorf alleine gegen den Angriff verteidigt. Der \u00bbStocktanz\u00ab symbolisiert den Kampf von Maculel\u00ea gegen seine Angreifer.<br><br>Die Bewahrung der Maculel\u00ea ist einem einfachen Arbeiter, Pop\u00f3, in&nbsp;<strong>Santo Amaro<\/strong>&nbsp;zu verdanken. Pop\u00f3 do Maculel\u00ea bildete zusammen mit seinen S\u00f6hne, Neffen sowie weiteren Schwarzen eine Gruppe, die zu Ehren der Stadtpatronin \u00bbNossa Senhora da Purifica\u00e7\u00e3o\u00ab am 2. Februar traditionell Maculel\u00ea vorf\u00fchrte.<br>Popo war Ende des 19. Jhdt. eigentlich F\u00fchrer eines Eselskarrens. Zu dieser Zeit f\u00fchrte durch die Stadt Santo Amaro eine durch Eselskarren betriebene Bahnlinie, genannt Trilhos Urbanos. Diese Linie war lange Zeit in Markenzeichen dieser Stadt, bis sie in den 50 Jahren des 20. Jhdt. eingestellt wurde.<\/p>","protected":false},"excerpt":{"rendered":"<p>Maculel\u00ea&nbsp;ist eine Mischung aus Tanz und Stockkampf. Die St\u00f6cke symbolisieren die Messer, mit denen die schwarzen Sklaven auf den Plantagen das Zuckerrohrgeerntet haben. Manchmal werden anstatt der St\u00f6cke auch Macheten [&hellip;]<\/p>\n","protected":false},"author":246083398,"featured_media":0,"parent":0,"menu_order":0,"comment_status":"closed","ping_status":"closed","template":"","meta":{"_crdt_document":"","advanced_seo_description":"","jetpack_seo_html_title":"","jetpack_seo_noindex":false,"_price":"","_stock":"","_tribe_ticket_header":"","_tribe_default_ticket_provider":"","_tribe_ticket_capacity":"0","_ticket_start_date":"","_ticket_end_date":"","_tribe_ticket_show_description":"","_tribe_ticket_show_not_going":false,"_tribe_ticket_use_global_stock":"","_tribe_ticket_global_stock_level":"","_global_stock_mode":"","_global_stock_cap":"","_tribe_rsvp_for_event":"","_tribe_ticket_going_count":"","_tribe_ticket_not_going_count":"","_tribe_tickets_list":"[]","_tribe_ticket_has_attendee_info_fields":false,"_EventAllDay":false,"_EventTimezone":"","_EventStartDate":"","_EventEndDate":"","_EventStartDateUTC":"","_EventEndDateUTC":"","_EventShowMap":false,"_EventShowMapLink":false,"_EventURL":"","_EventCost":"","_EventCostDescription":"","_EventCurrencySymbol":"","_EventCurrencyCode":"","_EventCurrencyPosition":"","_EventDateTimeSeparator":"","_EventTimeRangeSeparator":"","_EventOrganizerID":[],"_EventVenueID":[],"_OrganizerEmail":"","_OrganizerPhone":"","_OrganizerWebsite":"","_VenueAddress":"","_VenueCity":"","_VenueCountry":"","_VenueProvince":"","_VenueState":"","_VenueZip":"","_VenuePhone":"","_VenueURL":"","_VenueStateProvince":"","_VenueLat":"","_VenueLng":"","_VenueShowMap":false,"_VenueShowMapLink":false,"dsgo_overlay_header":false,"dsgo_overlay_header_text_color":"","dsgo_overlay_skip_top_bar":false,"_designsetgo_exclude_llms":false,"footnotes":"","_tec_slr_enabled":"","_tec_slr_layout":""},"class_list":["post-186","page","type-page","status-publish","hentry"],"jetpack_likes_enabled":true,"jetpack_sharing_enabled":true,"jetpack_shortlink":"https:\/\/wp.me\/PfvO1T-30","jetpack-related-posts":[],"ticketed":false,"_links":{"self":[{"href":"https:\/\/capoeiraleipzig.com\/pt-br\/wp-json\/wp\/v2\/pages\/186","targetHints":{"allow":["GET"]}}],"collection":[{"href":"https:\/\/capoeiraleipzig.com\/pt-br\/wp-json\/wp\/v2\/pages"}],"about":[{"href":"https:\/\/capoeiraleipzig.com\/pt-br\/wp-json\/wp\/v2\/types\/page"}],"author":[{"embeddable":true,"href":"https:\/\/capoeiraleipzig.com\/pt-br\/wp-json\/wp\/v2\/users\/246083398"}],"replies":[{"embeddable":true,"href":"https:\/\/capoeiraleipzig.com\/pt-br\/wp-json\/wp\/v2\/comments?post=186"}],"version-history":[{"count":2,"href":"https:\/\/capoeiraleipzig.com\/pt-br\/wp-json\/wp\/v2\/pages\/186\/revisions"}],"predecessor-version":[{"id":514,"href":"https:\/\/capoeiraleipzig.com\/pt-br\/wp-json\/wp\/v2\/pages\/186\/revisions\/514"}],"wp:attachment":[{"href":"https:\/\/capoeiraleipzig.com\/pt-br\/wp-json\/wp\/v2\/media?parent=186"}],"curies":[{"name":"wp","href":"https:\/\/api.w.org\/{rel}","templated":true}]}}