{"id":176,"date":"2024-03-07T12:16:14","date_gmt":"2024-03-07T11:16:14","guid":{"rendered":"https:\/\/capoeiraleipzig.com\/?page_id=176"},"modified":"2024-07-11T15:54:45","modified_gmt":"2024-07-11T13:54:45","slug":"batizado","status":"publish","type":"page","link":"https:\/\/capoeiraleipzig.com\/pt-br\/batizado\/","title":{"rendered":"Batizado"},"content":{"rendered":"<div style=\"height:10px\" aria-hidden=\"true\" class=\"wp-block-spacer\"><\/div>\n\n\n\n<div style=\"height:10px\" aria-hidden=\"true\" class=\"wp-block-spacer\"><\/div>\n\n\n\n<figure class=\"wp-block-image size-large\"><img data-recalc-dims=\"1\" fetchpriority=\"high\" decoding=\"async\" width=\"1599\" height=\"1066\" data-attachment-id=\"179\" data-permalink=\"https:\/\/capoeiraleipzig.com\/pt-br\/batizado\/img-20231029-wa000087834706130436905\/\" data-orig-file=\"https:\/\/i0.wp.com\/capoeiraleipzig.com\/wp-content\/uploads\/2024\/03\/img-20231029-wa000087834706130436905.jpg?fit=1599%2C1066&amp;ssl=1\" data-orig-size=\"1599,1066\" data-comments-opened=\"1\" data-image-meta=\"{&quot;aperture&quot;:&quot;0&quot;,&quot;credit&quot;:&quot;&quot;,&quot;camera&quot;:&quot;&quot;,&quot;caption&quot;:&quot;&quot;,&quot;created_timestamp&quot;:&quot;0&quot;,&quot;copyright&quot;:&quot;&quot;,&quot;focal_length&quot;:&quot;0&quot;,&quot;iso&quot;:&quot;0&quot;,&quot;shutter_speed&quot;:&quot;0&quot;,&quot;title&quot;:&quot;&quot;,&quot;orientation&quot;:&quot;0&quot;}\" data-image-title=\"img-20231029-wa000087834706130436905\" data-image-description=\"\" data-image-caption=\"\" data-large-file=\"https:\/\/i0.wp.com\/capoeiraleipzig.com\/wp-content\/uploads\/2024\/03\/img-20231029-wa000087834706130436905.jpg?fit=1024%2C683&amp;ssl=1\" src=\"https:\/\/i0.wp.com\/capoeiraleipzig.com\/wp-content\/uploads\/2024\/03\/img-20231029-wa000087834706130436905.jpg?resize=1599%2C1066&#038;ssl=1\" alt=\"\" class=\"wp-image-179\" \/><\/figure>\n\n\n\n<p class=\"wp-block-paragraph\"><strong>Batizado<\/strong>&nbsp;ist portugiesisch und bedeutet Taufe. Es handelt sich um ein&nbsp;<strong>Initiations- und Verbr\u00fcderungsfest.<\/strong>&nbsp;Die Zeremonie der Batizado wurde von Mestre Bimba 1936 in Salvador da Bahia eingef\u00fchrt. Bei der Zeremonie wird der Sch\u00fcler mit seinem Spitznamen, auch Apelido genannt, aufgerufen. Er erh\u00e4lt seine erste Kordel und spielt symbolisch mit einem Instrutor, Professor, Mestrando oder Mestre. &nbsp;<br \/><br \/>Wenn ein Anf\u00e4nger ein bestimmtes K\u00f6nnen und Wissen im Bereich Capoeira erlangt hat, ist er bereit an der Batizado teilzunehmen, wo er in die Welt der Capoeira durch das Spiel mit einem hoch graduierten Capoeirista aufgenommen wird. \u00dcblicherweise erh\u00e4lt der neue Sch\u00fcler bei der Batizado auch einen Spitznamen, der ihm von seinem Lehrer gegeben wird. Dieser basiert h\u00e4ufig auf charakteristischen Eigenschaften oder einer Anekdote des Sch\u00fclers.<br \/><br \/>Die Tradition der Spitznamen geht zur\u00fcck auf die Zeit, in der Capoeira in den Stra\u00dfenbanden Brasiliens praktiziert wurde. Damals eigneten sich die Capoeiristas ihren Decknamen an, um ihre wahre Identit\u00e4t vor der Polizei zu verbergen. &nbsp;<br \/><br \/>Ebenso erhalten die Sch\u00fcler, die schon getauft wurden, bei der Batizado eine neue farbige Kordel.<br \/><br \/><a href=\"https:\/\/capoeiraleipzig.com\/pt-br\/graduierungs-system-abada-capoeira\/\">Die Farbe der Kordel<\/a> im&nbsp;zeigt die verschiedenen Stufen an, auf denen sich die Praktizierenden in theoretischen Grundlagen und in der Praxis befinden. Viele Sch\u00fcler freuen sich schon seit ihrem ersten Training auf den Tag der Batizado.<br \/><br \/>Die Batizado ist ein spektakul\u00e4res Fest voller Freude und Gl\u00fccksgef\u00fchle. Die neuen und fortgeschrittenen Capoeiristas demonstrieren ihr K\u00f6nnen dabei vor Publikum.<br \/><br \/>Capoeira ist dabei nicht immer die einzige Attraktion. H\u00e4ufig werden auch andere Afro-Brasilianische T\u00e4nze wie&nbsp;<a href=\"https:\/\/capoeiraleipzig.com\/pt-br\/maculele\/\">Maculele<\/a>, Puxada de Rede oder&nbsp;Samba&nbsp;aufgef\u00fchrt.<\/p>\n\n\n\n<p class=\"wp-block-paragraph\"><\/p>","protected":false},"excerpt":{"rendered":"<p>Batizado&nbsp;ist portugiesisch und bedeutet Taufe. Es handelt sich um ein&nbsp;Initiations- und Verbr\u00fcderungsfest.&nbsp;Die Zeremonie der Batizado wurde von Mestre Bimba 1936 in Salvador da Bahia eingef\u00fchrt. Bei der Zeremonie wird der [&hellip;]<\/p>\n","protected":false},"author":246083398,"featured_media":0,"parent":0,"menu_order":0,"comment_status":"closed","ping_status":"closed","template":"","meta":{"_crdt_document":"","advanced_seo_description":"","jetpack_seo_html_title":"","jetpack_seo_noindex":false,"_price":"","_stock":"","_tribe_ticket_header":"","_tribe_default_ticket_provider":"","_tribe_ticket_capacity":"0","_ticket_start_date":"","_ticket_end_date":"","_tribe_ticket_show_description":"","_tribe_ticket_show_not_going":false,"_tribe_ticket_use_global_stock":"","_tribe_ticket_global_stock_level":"","_global_stock_mode":"","_global_stock_cap":"","_tribe_rsvp_for_event":"","_tribe_ticket_going_count":"","_tribe_ticket_not_going_count":"","_tribe_tickets_list":"[]","_tribe_ticket_has_attendee_info_fields":false,"_EventAllDay":false,"_EventTimezone":"","_EventStartDate":"","_EventEndDate":"","_EventStartDateUTC":"","_EventEndDateUTC":"","_EventShowMap":false,"_EventShowMapLink":false,"_EventURL":"","_EventCost":"","_EventCostDescription":"","_EventCurrencySymbol":"","_EventCurrencyCode":"","_EventCurrencyPosition":"","_EventDateTimeSeparator":"","_EventTimeRangeSeparator":"","_EventOrganizerID":[],"_EventVenueID":[],"_OrganizerEmail":"","_OrganizerPhone":"","_OrganizerWebsite":"","_VenueAddress":"","_VenueCity":"","_VenueCountry":"","_VenueProvince":"","_VenueState":"","_VenueZip":"","_VenuePhone":"","_VenueURL":"","_VenueStateProvince":"","_VenueLat":"","_VenueLng":"","_VenueShowMap":false,"_VenueShowMapLink":false,"dsgo_overlay_header":false,"dsgo_overlay_header_text_color":"","dsgo_overlay_skip_top_bar":false,"_designsetgo_exclude_llms":false,"footnotes":"","_tec_slr_enabled":"","_tec_slr_layout":""},"class_list":["post-176","page","type-page","status-publish","hentry"],"jetpack_likes_enabled":true,"jetpack_sharing_enabled":true,"jetpack_shortlink":"https:\/\/wp.me\/PfvO1T-2Q","jetpack-related-posts":[],"ticketed":false,"_links":{"self":[{"href":"https:\/\/capoeiraleipzig.com\/pt-br\/wp-json\/wp\/v2\/pages\/176","targetHints":{"allow":["GET"]}}],"collection":[{"href":"https:\/\/capoeiraleipzig.com\/pt-br\/wp-json\/wp\/v2\/pages"}],"about":[{"href":"https:\/\/capoeiraleipzig.com\/pt-br\/wp-json\/wp\/v2\/types\/page"}],"author":[{"embeddable":true,"href":"https:\/\/capoeiraleipzig.com\/pt-br\/wp-json\/wp\/v2\/users\/246083398"}],"replies":[{"embeddable":true,"href":"https:\/\/capoeiraleipzig.com\/pt-br\/wp-json\/wp\/v2\/comments?post=176"}],"version-history":[{"count":8,"href":"https:\/\/capoeiraleipzig.com\/pt-br\/wp-json\/wp\/v2\/pages\/176\/revisions"}],"predecessor-version":[{"id":334,"href":"https:\/\/capoeiraleipzig.com\/pt-br\/wp-json\/wp\/v2\/pages\/176\/revisions\/334"}],"wp:attachment":[{"href":"https:\/\/capoeiraleipzig.com\/pt-br\/wp-json\/wp\/v2\/media?parent=176"}],"curies":[{"name":"wp","href":"https:\/\/api.w.org\/{rel}","templated":true}]}}